{"id":226,"date":"2021-08-31T13:01:55","date_gmt":"2021-08-31T11:01:55","guid":{"rendered":"http:\/\/harmoniefac.com\/?page_id=226"},"modified":"2021-11-17T16:57:19","modified_gmt":"2021-11-17T15:57:19","slug":"226-2","status":"publish","type":"page","link":"https:\/\/harmoniefac.com\/","title":{"rendered":""},"content":{"rendered":"\n<div class=\"bloc\">\n<p><b>Harmonie Fac<\/b> vous offre l\u2019opportunit\u00e9 de travailler l\u2019harmonie, en <b>soutien<\/b> ou en compl\u00e9ment des cours d\u2019\u00c9criture en <b>Universit\u00e9 de Musicologie<\/b>.<\/p>\n<p>L\u2019harmonie est <b>une mati\u00e8re difficile<\/b>, qui n\u00e9cessite <b>des explications pr\u00e9cises, claires<\/b>, et surtout <b>une attention permanente aux notions acquises et \u00e0 celles qui restent floues.<\/b><\/p>\n<p>Bien s\u00fbr ceci est parfois compliqu\u00e9 \u00e0 mettre en \u0153uvre dans des cours collectifs en universit\u00e9. Harmonie Fac vous propose <b>un suivi personnalis\u00e9<\/b>, <b>des corrections<\/b> vous expliquant les diff\u00e9rentes possibilit\u00e9s d\u2019harmonisation, ainsi qu\u2019<b>une \u00e9valuation pr\u00e9cise de votre travail<\/b>, sans oublier <b>des conseils<\/b> de m\u00e9thode.<\/p>\n<p>Harmonie Fac vous propose aussi <b>une solution de travail \u00e9labor\u00e9e<\/b> en vous fournissant des exercices adapt\u00e9s \u00e0 votre niveau et \u00e0 vos besoins.<\/p>\n<p>D\u00e8s r\u00e9ception de votre texte r\u00e9alis\u00e9, Harmonie Fac vous renverra <b>une correction d\u00e9taill\u00e9e sous 48 heures<\/b>, accompagn\u00e9e de conseils personnalis\u00e9s.<\/p><\/div>\n\n\n\n<div class=\"wp-block-media-text alignwide is-stacked-on-mobile bloc\" style=\"grid-template-columns:38% auto\"><figure class=\"wp-block-media-text__media\"><img loading=\"lazy\" decoding=\"async\" width=\"1024\" height=\"768\" src=\"http:\/\/harmoniefac.com\/wp-content\/uploads\/2020\/08\/116470075_335525927834146_5646084758730513223_n-1024x768.jpg\" alt=\"\" class=\"wp-image-36 size-full\" srcset=\"https:\/\/harmoniefac.com\/wp-content\/uploads\/2020\/08\/116470075_335525927834146_5646084758730513223_n-1024x768.jpg 1024w, https:\/\/harmoniefac.com\/wp-content\/uploads\/2020\/08\/116470075_335525927834146_5646084758730513223_n-600x450.jpg 600w, https:\/\/harmoniefac.com\/wp-content\/uploads\/2020\/08\/116470075_335525927834146_5646084758730513223_n-300x225.jpg 300w, https:\/\/harmoniefac.com\/wp-content\/uploads\/2020\/08\/116470075_335525927834146_5646084758730513223_n-768x576.jpg 768w, https:\/\/harmoniefac.com\/wp-content\/uploads\/2020\/08\/116470075_335525927834146_5646084758730513223_n-1536x1152.jpg 1536w, https:\/\/harmoniefac.com\/wp-content\/uploads\/2020\/08\/116470075_335525927834146_5646084758730513223_n.jpg 2048w\" sizes=\"auto, (max-width: 1024px) 100vw, 1024px\" \/><\/figure><div class=\"wp-block-media-text__content\">\n<p>Titulaire des <strong>Premiers Prix d\u2019harmonie<\/strong>, contrepoint et fugue du <em>Conservatoire National Sup\u00e9rieur de Musique de Paris<\/em>, ainsi que du <strong>Certificat d\u2019Aptitude aux fonctions de Professeur d\u2019\u00e9criture<\/strong>, j\u2019enseigne <strong>depuis 1991<\/strong> l\u2019\u00e9criture musicale (harmonie, contrepoint et fugue) au <em>Conservatoire \u00e0 Rayonnement R\u00e9gional du Grand Nancy<\/em> (54000) et \u00e0 l\u2019<em>Institut de Musicologie de l\u2019Universit\u00e9 de Lorraine Nancy II<\/em>.<\/p>\n\n\n\n<p>En tant que <strong>professeur d\u2019\u00e9criture<\/strong>, j\u2019ai particip\u00e9 plusieurs ann\u00e9es au jury de l\u2019<strong>Agr\u00e9gation externe de musique<\/strong>. J\u2019ai \u00e9galement r\u00e9dig\u00e9 des cours d\u2019harmonie et corrig\u00e9 les devoirs pour les \u00e9tudiants du <strong>CNED<\/strong>.<\/p>\n<\/div><\/div>\n\n\n\n<div class=\"wp-block-columns is-layout-flex wp-container-core-columns-is-layout-9d6595d7 wp-block-columns-is-layout-flex\">\n<div class=\"wp-block-column is-layout-flow wp-block-column-is-layout-flow\" style=\"flex-basis:100%\">\n<div class=\"wp-block-group\"><div class=\"wp-block-group__inner-container is-layout-flow wp-block-group-is-layout-flow\">\n<div class=\"bloc\" id=\"formules\">\n    <a href=\"https:\/\/harmoniefac.com\/index.php\/perso\/\">\n        <p class=\"titre_formules\">Perso<\/p>\n        <p class=\"prix_formules\">40 \u20ac<\/p>\n        <p class=\"mois_formules\">le cours en visio<\/p>\n    <\/a>\n    <a href=\"https:\/\/harmoniefac.com\/index.php\/basique\/\">\n        <p class=\"titre_formules\">Fac<\/p>\n        <p class=\"prix_formules\">45 \u20ac<\/p>\n        <p class=\"mois_formules\">pour 4 cours<\/p>\n    <\/a>\n    <a href=\"https:\/\/harmoniefac.com\/index.php\/premium\/\">\n        <p class=\"titre_formules\">Fac +<\/p>\n        <p class=\"prix_formules\">60 \u20ac<\/p>\n        <p class=\"mois_formules\">plus d&rsquo;exercices<\/p>\n    <\/a>\n    <a href=\"https:\/\/harmoniefac.com\/index.php\/agregation\/\">\n        <p class=\"titre_formules\">Agr\u00e9gation<\/p>\n        <p class=\"prix_formules\">99 \u20ac<\/p>\n        <p class=\"mois_formules\">pour 4 cours<\/p>\n    <\/a>\n<\/div>\n<\/div><\/div>\n\n\n\n<div class=\"bloc\">\n<p>Si vous souhaitez <b>apprendre l&rsquo;harmonie<\/b> ou vous perfectionner en dehors du syst\u00e8me scolaire, l&rsquo;offre <b>Perso<\/b> vous permets de prendre des cours <b>en visio<\/b> personnalis\u00e9.<\/p>\n<p>La formule <b>Fac<\/b> vous propose <b>une correction de vos devoirs de fac<\/b> avec des explications claires.<\/p>\n<p>Si vous souhaitez aller plus loin dans la compr\u00e9hension de l&rsquo;harmonie, l&rsquo;offre <b>Fac +<\/b> vous offre des exercices suppl\u00e9mentaires <b>adapt\u00e9s \u00e0 votre niveau et \u00e0 vos besoins<\/b>.<\/p>\n<p>Enfin, l&rsquo;offre <b>Agr\u00e9gation<\/b> est pr\u00e9vue pour ceux qui se pr\u00e9parent au concours de l&rsquo;Agr\u00e9gation. Un suivi <b>personnalis\u00e9<\/b> pour \u00eatre au top pour les <b>examens<\/b> !<\/p>\n<\/div>\n<\/div>\n<\/div>\n\n\n\n<p><\/p>\n","protected":false},"excerpt":{"rendered":"<p>Harmonie Fac vous offre l\u2019opportunit\u00e9 de travailler l\u2019harmonie, en soutien ou en compl\u00e9ment des cours d\u2019\u00c9criture en Universit\u00e9 de Musicologie. L\u2019harmonie est une mati\u00e8re difficile, qui n\u00e9cessite des explications pr\u00e9cises, claires, et surtout une attention permanente aux notions acquises et \u00e0 celles qui restent floues. Bien s\u00fbr ceci est parfois compliqu\u00e9 \u00e0 mettre en \u0153uvre [&hellip;]<\/p>\n","protected":false},"author":3,"featured_media":0,"parent":0,"menu_order":0,"comment_status":"closed","ping_status":"closed","template":"","meta":{"footnotes":""},"class_list":["post-226","page","type-page","status-publish","hentry"],"_links":{"self":[{"href":"https:\/\/harmoniefac.com\/index.php\/wp-json\/wp\/v2\/pages\/226","targetHints":{"allow":["GET"]}}],"collection":[{"href":"https:\/\/harmoniefac.com\/index.php\/wp-json\/wp\/v2\/pages"}],"about":[{"href":"https:\/\/harmoniefac.com\/index.php\/wp-json\/wp\/v2\/types\/page"}],"author":[{"embeddable":true,"href":"https:\/\/harmoniefac.com\/index.php\/wp-json\/wp\/v2\/users\/3"}],"replies":[{"embeddable":true,"href":"https:\/\/harmoniefac.com\/index.php\/wp-json\/wp\/v2\/comments?post=226"}],"version-history":[{"count":46,"href":"https:\/\/harmoniefac.com\/index.php\/wp-json\/wp\/v2\/pages\/226\/revisions"}],"predecessor-version":[{"id":391,"href":"https:\/\/harmoniefac.com\/index.php\/wp-json\/wp\/v2\/pages\/226\/revisions\/391"}],"wp:attachment":[{"href":"https:\/\/harmoniefac.com\/index.php\/wp-json\/wp\/v2\/media?parent=226"}],"curies":[{"name":"wp","href":"https:\/\/api.w.org\/{rel}","templated":true}]}}