{"id":289,"date":"2021-09-03T16:22:15","date_gmt":"2021-09-03T14:22:15","guid":{"rendered":"https:\/\/harmoniefac.com\/?page_id=289"},"modified":"2021-11-17T16:50:30","modified_gmt":"2021-11-17T15:50:30","slug":"premium","status":"publish","type":"page","link":"https:\/\/harmoniefac.com\/index.php\/premium\/","title":{"rendered":"Premium"},"content":{"rendered":"\n<div class=\"bloc\"><h2>Fac premium<\/h2><p>Cette formule est destin\u00e9e \u00e0 ceux qui souhaitent des exercices personnalis\u00e9s pour leur apprentissage personnel ou des exercices en suppl\u00e9ment de ceux de la fac.<\/p>\n<p>Si vous \u00eates \u00e0 la fac, vous aurez donc une correction de vos exercices avec des explications mais aussi des exercices adapt\u00e9s \u00e0 vos besoins pour une progression plus rapide et efficace !<\/p>\n\n\n<p>[add_to_cart id=\u00a0\u00bb224&Prime;]<\/p>\n\n\n\n<\/div>\n\n\n\n<div class=\"wp-block-group bloc\"><div class=\"wp-block-group__inner-container is-layout-flow wp-block-group-is-layout-flow\">\n<h2 class=\"wp-block-heading\">Programme L1&nbsp;:<\/h2>\n\n\n\n<p>Les bases de l&rsquo;harmonie tonale, l&rsquo;encha\u00eenement des accords, l&rsquo;analyse d&rsquo;une m\u00e9lodie pour apprendre \u00e0 sentir les accords qui conviennent. Les principales fonctions tonales, accords parfaits et accords de septi\u00e8me de dominante, les cadences qui ponctuent la phrase.<\/p>\n\n\n\n<p>R\u00e9f\u00e9rences stylistiques&nbsp;: musique baroque et musique classique.<\/p>\n\n\n\n<p>Apr\u00e8s avoir vu la mani\u00e8re de construire un accord parfait, \u00e0 l&rsquo;\u00e9tat fondamental puis dans ses renversements, nous verrons quelques encha\u00eenements particuli\u00e8rement importants dans le langage tonal (I-V, V-I, puis les encha\u00eenements utilis\u00e9s dans les cadences parfaites, IV-V-I, II-V-I).<\/p>\n\n\n\n<p>Puis le moment sera venu d&rsquo;appliquer ces connaissances dans la r\u00e9alisation d&rsquo;exercices de basses donn\u00e9es.<\/p>\n\n\n\n<p>De l&rsquo;acquisition de r\u00e9flexes quant \u00e0 la construction des accords, nous passerons \u00e0 l&rsquo;harmonisation de m\u00e9lodies (tout en continuant le travail sur les basses donn\u00e9es). Nous verrons comment lire une m\u00e9lodie, rep\u00e9rer les sym\u00e9tries, les r\u00e9p\u00e9titions, les respirations, les cadences et nous placerons les accords en fonction de cette analyse m\u00e9lodique.<\/p>\n\n\n\n<p>Exemple avec un court extrait de 8 mesures<\/p>\n\n\n\n<figure class=\"wp-block-image size-large\"><img loading=\"lazy\" decoding=\"async\" width=\"1024\" height=\"121\" src=\"https:\/\/harmoniefac.com\/wp-content\/uploads\/2020\/08\/image-1024x121.png\" alt=\"\" class=\"wp-image-106\" srcset=\"https:\/\/harmoniefac.com\/wp-content\/uploads\/2020\/08\/image-1024x121.png 1024w, https:\/\/harmoniefac.com\/wp-content\/uploads\/2020\/08\/image-600x71.png 600w, https:\/\/harmoniefac.com\/wp-content\/uploads\/2020\/08\/image-300x35.png 300w, https:\/\/harmoniefac.com\/wp-content\/uploads\/2020\/08\/image-768x90.png 768w, https:\/\/harmoniefac.com\/wp-content\/uploads\/2020\/08\/image-1536x181.png 1536w, https:\/\/harmoniefac.com\/wp-content\/uploads\/2020\/08\/image-2048x241.png 2048w\" sizes=\"auto, (max-width: 1024px) 100vw, 1024px\" \/><\/figure>\n<\/div><\/div>\n\n\n\n<div class=\"wp-block-group bloc\"><div class=\"wp-block-group__inner-container is-layout-flow wp-block-group-is-layout-flow\">\n<h2 class=\"wp-block-heading\">Programme L2&nbsp;:<\/h2>\n\n\n\n<p>Approfondissement des notions vues en L1, avec des modulations plus complexes, une m\u00e9lodie de style classique comprenant des notes \u00e9trang\u00e8res (notes de passage, appoggiatures), un approfondissement du style baroque avec l&rsquo;utilisation de retards, de septi\u00e8mes d&rsquo;esp\u00e8ces.<\/p>\n\n\n\n<p>Les bases acquises pendant l&rsquo;ann\u00e9e de L1 permettront d&rsquo;avancer vers des musiques plus complexes.<\/p>\n\n\n\n<p>En restant dans le style classique (Haydn, Mozart), nous verrons des m\u00e9lodies plus difficiles \u00e0 g\u00e9rer, notamment \u00e0 cause de l&rsquo;utilisation de notes expressives, les notes \u00e9trang\u00e8res \u00e0 l&rsquo;harmonie.<\/p>\n\n\n\n<p>Nous apprendrons \u00e0 les sentir pour les identifier, et de l\u00e0 nous garderons juste les notes r\u00e9elles pour choisir l&rsquo;harmonie qui convient.<\/p>\n\n\n\n<p>En parall\u00e8le, nous travaillerons sur la musique baroque pour appr\u00e9hender les septi\u00e8mes de diff\u00e9rentes esp\u00e8ces, les marches, et bien s\u00fbr le caract\u00e8re expressif des retards, figures de style que l&rsquo;on rencontre chez Corelli, Pergol\u00e8se, Vivaldi, Haendel, etc.<\/p>\n\n\n\n<p>Exemple avec un court extrait de 8 mesures<\/p>\n\n\n\n<figure class=\"wp-block-image size-large\"><img loading=\"lazy\" decoding=\"async\" width=\"1024\" height=\"280\" src=\"https:\/\/harmoniefac.com\/wp-content\/uploads\/2020\/08\/image-1-1024x280.png\" alt=\"\" class=\"wp-image-107\" srcset=\"https:\/\/harmoniefac.com\/wp-content\/uploads\/2020\/08\/image-1-1024x280.png 1024w, https:\/\/harmoniefac.com\/wp-content\/uploads\/2020\/08\/image-1-600x164.png 600w, https:\/\/harmoniefac.com\/wp-content\/uploads\/2020\/08\/image-1-300x82.png 300w, https:\/\/harmoniefac.com\/wp-content\/uploads\/2020\/08\/image-1-768x210.png 768w, https:\/\/harmoniefac.com\/wp-content\/uploads\/2020\/08\/image-1-1536x421.png 1536w, https:\/\/harmoniefac.com\/wp-content\/uploads\/2020\/08\/image-1.png 1997w\" sizes=\"auto, (max-width: 1024px) 100vw, 1024px\" \/><\/figure>\n<\/div><\/div>\n\n\n\n<div class=\"wp-block-group bloc\"><div class=\"wp-block-group__inner-container is-layout-flow wp-block-group-is-layout-flow\">\n<h2 class=\"wp-block-heading\">Programme L3&nbsp;:<\/h2>\n\n\n\n<p>Le choral, la basse fugu\u00e9e chiffr\u00e9e, le chant donn\u00e9 romantique.<\/p>\n\n\n\n<p>Deux ann\u00e9es d&rsquo;\u00e9tude auront permis d&rsquo;avoir des outils techniques suffisamment solides pour g\u00e9rer les difficult\u00e9s que pr\u00e9sentent les styles baroque et romantique, tant au niveau de l&rsquo;analyse m\u00e9lodique que de l&rsquo;encha\u00eenement des accords.<\/p>\n\n\n\n<p>Le temps sera venu d&rsquo;aborder la musique romantique, en regardant du c\u00f4t\u00e9 de Mendelssohn, Schubert, Schumann.<\/p>\n\n\n\n<p>Le travail fait sur la musique baroque permettra de se lancer dans la richesse du choral, ainsi que dans l&rsquo;\u00e9criture en imitations, avec la basse fugu\u00e9e chiffr\u00e9e, ceci bien entendu en r\u00e9f\u00e9rence \u00e0 J.S. Bach.<\/p>\n\n\n\n<p>Exemple avec un court extrait de 8 mesures<\/p>\n\n\n\n<figure class=\"wp-block-image size-large\"><img loading=\"lazy\" decoding=\"async\" width=\"1024\" height=\"120\" src=\"https:\/\/harmoniefac.com\/wp-content\/uploads\/2020\/08\/image-2-1024x120.png\" alt=\"\" class=\"wp-image-108\" srcset=\"https:\/\/harmoniefac.com\/wp-content\/uploads\/2020\/08\/image-2-1024x120.png 1024w, https:\/\/harmoniefac.com\/wp-content\/uploads\/2020\/08\/image-2-600x71.png 600w, https:\/\/harmoniefac.com\/wp-content\/uploads\/2020\/08\/image-2-300x35.png 300w, https:\/\/harmoniefac.com\/wp-content\/uploads\/2020\/08\/image-2-768x90.png 768w, https:\/\/harmoniefac.com\/wp-content\/uploads\/2020\/08\/image-2-1536x181.png 1536w, https:\/\/harmoniefac.com\/wp-content\/uploads\/2020\/08\/image-2-2048x241.png 2048w\" sizes=\"auto, (max-width: 1024px) 100vw, 1024px\" \/><\/figure>\n<\/div><\/div>\n\n\n\n<p><\/p>\n","protected":false},"excerpt":{"rendered":"<p>Fac premium Cette formule est destin\u00e9e \u00e0 ceux qui souhaitent des exercices personnalis\u00e9s pour leur apprentissage personnel ou des exercices en suppl\u00e9ment de ceux de la fac. Si vous \u00eates \u00e0 la fac, vous aurez donc une correction de vos exercices avec des explications mais aussi des exercices adapt\u00e9s \u00e0 vos besoins pour une progression [&hellip;]<\/p>\n","protected":false},"author":3,"featured_media":0,"parent":0,"menu_order":0,"comment_status":"closed","ping_status":"closed","template":"","meta":{"footnotes":""},"class_list":["post-289","page","type-page","status-publish","hentry"],"_links":{"self":[{"href":"https:\/\/harmoniefac.com\/index.php\/wp-json\/wp\/v2\/pages\/289","targetHints":{"allow":["GET"]}}],"collection":[{"href":"https:\/\/harmoniefac.com\/index.php\/wp-json\/wp\/v2\/pages"}],"about":[{"href":"https:\/\/harmoniefac.com\/index.php\/wp-json\/wp\/v2\/types\/page"}],"author":[{"embeddable":true,"href":"https:\/\/harmoniefac.com\/index.php\/wp-json\/wp\/v2\/users\/3"}],"replies":[{"embeddable":true,"href":"https:\/\/harmoniefac.com\/index.php\/wp-json\/wp\/v2\/comments?post=289"}],"version-history":[{"count":12,"href":"https:\/\/harmoniefac.com\/index.php\/wp-json\/wp\/v2\/pages\/289\/revisions"}],"predecessor-version":[{"id":384,"href":"https:\/\/harmoniefac.com\/index.php\/wp-json\/wp\/v2\/pages\/289\/revisions\/384"}],"wp:attachment":[{"href":"https:\/\/harmoniefac.com\/index.php\/wp-json\/wp\/v2\/media?parent=289"}],"curies":[{"name":"wp","href":"https:\/\/api.w.org\/{rel}","templated":true}]}}